{"id":509,"date":"2022-10-18T16:19:43","date_gmt":"2022-10-18T16:19:43","guid":{"rendered":"https:\/\/ramblacatalunya107.com\/equipo-del-proyecto\/"},"modified":"2025-10-23T14:36:10","modified_gmt":"2025-10-23T14:36:10","slug":"equip-del-projecte","status":"publish","type":"page","link":"https:\/\/ramblacatalunya107.com\/ca\/equip-del-projecte\/","title":{"rendered":"Equip del projecte"},"content":{"rendered":"\t\t<div data-elementor-type=\"wp-page\" data-elementor-id=\"509\" class=\"elementor elementor-509\">\n\t\t\t\t\t\t<section class=\"elementor-section elementor-top-section elementor-element elementor-element-1a14cde elementor-section-boxed elementor-section-height-default elementor-section-height-default\" data-id=\"1a14cde\" data-element_type=\"section\" data-e-type=\"section\" data-settings=\"{&quot;background_background&quot;:&quot;classic&quot;}\">\n\t\t\t\t\t\t<div class=\"elementor-container elementor-column-gap-default\">\n\t\t\t\t\t<div class=\"elementor-column elementor-col-100 elementor-top-column elementor-element elementor-element-be687c0\" data-id=\"be687c0\" data-element_type=\"column\" data-e-type=\"column\">\n\t\t\t<div class=\"elementor-widget-wrap elementor-element-populated\">\n\t\t\t\t\t\t<div class=\"elementor-element elementor-element-6d46259 elementor-widget elementor-widget-spacer\" data-id=\"6d46259\" data-element_type=\"widget\" data-e-type=\"widget\" data-widget_type=\"spacer.default\">\n\t\t\t\t<div class=\"elementor-widget-container\">\n\t\t\t\t\t\t\t<div class=\"elementor-spacer\">\n\t\t\t<div class=\"elementor-spacer-inner\"><\/div>\n\t\t<\/div>\n\t\t\t\t\t\t<\/div>\n\t\t\t\t<\/div>\n\t\t\t\t<div class=\"elementor-element elementor-element-0b8c87b elementor-widget elementor-widget-heading\" data-id=\"0b8c87b\" data-element_type=\"widget\" data-e-type=\"widget\" data-widget_type=\"heading.default\">\n\t\t\t\t<div class=\"elementor-widget-container\">\n\t\t\t\t\t<h1 class=\"elementor-heading-title elementor-size-default\">Equip del projecte<\/h1>\t\t\t\t<\/div>\n\t\t\t\t<\/div>\n\t\t\t\t<div class=\"elementor-element elementor-element-cfc4a15 elementor-widget elementor-widget-spacer\" data-id=\"cfc4a15\" data-element_type=\"widget\" data-e-type=\"widget\" data-widget_type=\"spacer.default\">\n\t\t\t\t<div class=\"elementor-widget-container\">\n\t\t\t\t\t\t\t<div class=\"elementor-spacer\">\n\t\t\t<div class=\"elementor-spacer-inner\"><\/div>\n\t\t<\/div>\n\t\t\t\t\t\t<\/div>\n\t\t\t\t<\/div>\n\t\t\t\t\t<\/div>\n\t\t<\/div>\n\t\t\t\t\t<\/div>\n\t\t<\/section>\n\t\t\t\t<section class=\"elementor-section elementor-top-section elementor-element elementor-element-43f8a8a elementor-section-boxed elementor-section-height-default elementor-section-height-default\" data-id=\"43f8a8a\" data-element_type=\"section\" data-e-type=\"section\" data-settings=\"{&quot;background_background&quot;:&quot;classic&quot;}\">\n\t\t\t\t\t\t<div class=\"elementor-container elementor-column-gap-default\">\n\t\t\t\t\t<div class=\"elementor-column elementor-col-100 elementor-top-column elementor-element elementor-element-3dd4cc1\" data-id=\"3dd4cc1\" data-element_type=\"column\" data-e-type=\"column\">\n\t\t\t<div class=\"elementor-widget-wrap elementor-element-populated\">\n\t\t\t\t\t\t<section class=\"elementor-section elementor-inner-section elementor-element elementor-element-1c5f9c2 elementor-section-boxed elementor-section-height-default elementor-section-height-default\" data-id=\"1c5f9c2\" data-element_type=\"section\" data-e-type=\"section\" data-settings=\"{&quot;background_background&quot;:&quot;classic&quot;}\">\n\t\t\t\t\t\t<div class=\"elementor-container elementor-column-gap-wide\">\n\t\t\t\t\t<div class=\"elementor-column elementor-col-100 elementor-inner-column elementor-element elementor-element-64e601d\" data-id=\"64e601d\" data-element_type=\"column\" data-e-type=\"column\">\n\t\t\t<div class=\"elementor-widget-wrap elementor-element-populated\">\n\t\t\t\t\t\t<div class=\"elementor-element elementor-element-be9a694 elementor-widget elementor-widget-image\" data-id=\"be9a694\" data-element_type=\"widget\" data-e-type=\"widget\" data-widget_type=\"image.default\">\n\t\t\t\t<div class=\"elementor-widget-container\">\n\t\t\t\t\t\t\t\t\t\t\t\t\t\t\t<img decoding=\"async\" src=\"https:\/\/ramblacatalunya107.com\/wp-content\/uploads\/elementor\/thumbs\/logo-es-pwval5ehfmrqh2qghwwq88f9du2tug1hepylog0q68.png\" title=\"logo-es\" alt=\"logo-es\" loading=\"lazy\" \/>\t\t\t\t\t\t\t\t\t\t\t\t\t\t\t<\/div>\n\t\t\t\t<\/div>\n\t\t\t\t<div class=\"elementor-element elementor-element-9dd6aba elementor-widget elementor-widget-heading\" data-id=\"9dd6aba\" data-element_type=\"widget\" data-e-type=\"widget\" data-widget_type=\"heading.default\">\n\t\t\t\t<div class=\"elementor-widget-container\">\n\t\t\t\t\t<h4 class=\"elementor-heading-title elementor-size-default\">Vilablanch arquitectura interior<\/h4>\t\t\t\t<\/div>\n\t\t\t\t<\/div>\n\t\t\t\t<div class=\"elementor-element elementor-element-566028c elementor-widget elementor-widget-text-editor\" data-id=\"566028c\" data-element_type=\"widget\" data-e-type=\"widget\" data-widget_type=\"text-editor.default\">\n\t\t\t\t<div class=\"elementor-widget-container\">\n\t\t\t\t\t\t\t\t\t<p>Vilablanch \u00e9s un estudi d&#8217;arquitectura interior fundat per Elina Vil\u00e1 i Agn\u00e8s Blanch l&#8217;any 1999 a Barcelona . Des dels seus inicis fins ara, ha dut a terme un gran nombre de projectes en habitatges, comer\u00e7os, oficines i promocions residencials, tant en espais d&#8217;alt valor patrimonial com d&#8217;obra nova, amb una filosofia de treball basada en el respecte per l&#8217;espai, la racionalitat i la puresa est\u00e8tica.<\/p><p>Sota el lideratge de les seves s\u00f2cies fundadores, l&#8217;equip -format per 20 arquitectes, interioristas i dissenyadors- s&#8217;ha especialitzat en tres grans \u00e0rees: restauraci\u00f3 d&#8217;habitatges d&#8217;alt valor arquitect\u00f2nic i patrimonial, gesti\u00f3 i execuci\u00f3 d&#8217;obres (des del concepte i el desenvolupament creatiu, a l&#8217;execuci\u00f3 \u00edntegra de l&#8217;obra), i consultoria d&#8217;interiorisme per a promotores. Despr\u00e9s de m\u00e9s de 20 anys de traject\u00f2ria i havent realitzat nombrosos projectes d&#8217;arquitectura interior en diferents llocs del m\u00f3n (Barcelona, Madrid, Eivissa, Menorca, Pequ\u00edn, Su\u00efssa&#8230;), vilablanch s&#8217;ha consolidat com un estudi de refer\u00e8ncia en el sector.<\/p><p>Mostra d&#8217;aix\u00f2 s\u00f3n les nombroses aparicions en els mitjans de comunicaci\u00f3, i els diferents premis i reconeixements que ha rebut. Especial esment a la Casa Bur\u00e9s de Barcelona, l&#8217;interiorisme de la qual va ser guardonat amb un Frame Award, un Archmarathon Selection, un Premi Arquitectura Plus i un Esment d&#8217;Honor en els Best of Year Awards de Nova York, entre altres. A <a href=\"http:\/\/www.estudiovilablanch.com\">www.estudiovilablanch.com<\/a>\u00a0obtindr\u00e0s m\u00e9s informaci\u00f3 sobre l&#8217;estudi, els projectes i els premis rebuts.<\/p>\t\t\t\t\t\t\t\t<\/div>\n\t\t\t\t<\/div>\n\t\t\t\t\t<\/div>\n\t\t<\/div>\n\t\t\t\t\t<\/div>\n\t\t<\/section>\n\t\t\t\t<section class=\"elementor-section elementor-inner-section elementor-element elementor-element-c334105 elementor-section-boxed elementor-section-height-default elementor-section-height-default\" data-id=\"c334105\" data-element_type=\"section\" data-e-type=\"section\" data-settings=\"{&quot;background_background&quot;:&quot;classic&quot;}\">\n\t\t\t\t\t\t<div class=\"elementor-container elementor-column-gap-wide\">\n\t\t\t\t\t<div class=\"elementor-column elementor-col-100 elementor-inner-column elementor-element elementor-element-ca91a83\" data-id=\"ca91a83\" data-element_type=\"column\" data-e-type=\"column\">\n\t\t\t<div class=\"elementor-widget-wrap elementor-element-populated\">\n\t\t\t\t\t\t<div class=\"elementor-element elementor-element-45dbf89 elementor-widget elementor-widget-image\" data-id=\"45dbf89\" data-element_type=\"widget\" data-e-type=\"widget\" data-widget_type=\"image.default\">\n\t\t\t\t<div class=\"elementor-widget-container\">\n\t\t\t\t\t\t\t\t\t\t\t\t\t\t\t<img decoding=\"async\" width=\"130\" height=\"38\" src=\"https:\/\/ramblacatalunya107.com\/wp-content\/uploads\/2022\/10\/logo_arc_homes.png\" class=\"attachment-full size-full wp-image-137\" alt=\"\" \/>\t\t\t\t\t\t\t\t\t\t\t\t\t\t\t<\/div>\n\t\t\t\t<\/div>\n\t\t\t\t<div class=\"elementor-element elementor-element-34f5517 elementor-widget elementor-widget-heading\" data-id=\"34f5517\" data-element_type=\"widget\" data-e-type=\"widget\" data-widget_type=\"heading.default\">\n\t\t\t\t<div class=\"elementor-widget-container\">\n\t\t\t\t\t<h4 class=\"elementor-heading-title elementor-size-default\">Arc Homes<\/h4>\t\t\t\t<\/div>\n\t\t\t\t<\/div>\n\t\t\t\t<div class=\"elementor-element elementor-element-5b1c245 elementor-widget elementor-widget-text-editor\" data-id=\"5b1c245\" data-element_type=\"widget\" data-e-type=\"widget\" data-widget_type=\"text-editor.default\">\n\t\t\t\t<div class=\"elementor-widget-container\">\n\t\t\t\t\t\t\t\t\t<p>ARC Properties va ser fundat en 2014 per a dissenyar habitatges de luxe a Barcelona, aix\u00ed com en altres de les millors ubicacions d&#8217;Espanya i Portugal. Els socis fundadors i l&#8217;equip de ARC compten amb m\u00e9s de 50 anys d&#8217;experi\u00e8ncia en els mercats residencials d&#8217;Europa, els Estats Units i Espanya. S&#8217;enorgulleixen de presentar habitatges de la m\u00e9s alta qualitat en la qual ells consideren la millor cuideu del m\u00f3n.<\/p><p>Entre els projectes de ARC Homes, destaca Ausi\u00e0s March 49, del qual s&#8217;han fet eco publicacions com ArchDaily:<br \/><a href=\"https:\/\/www.archdaily.cl\/cl\/986605\/edificio-de-viviendas-en-ausias-march-gca-architects\/\" target=\"_blank\" rel=\"noopener\">https:\/\/www.archdaily.cl\/cl\/986605\/edificio-de-viviendas-en-ausias-march-gca-architects\/<\/a><br \/><a href=\"https:\/\/arc-homes.com\/\" target=\"_blank\" rel=\"noopener\">https:\/\/arc-homes.com\/<\/a><\/p>\t\t\t\t\t\t\t\t<\/div>\n\t\t\t\t<\/div>\n\t\t\t\t\t<\/div>\n\t\t<\/div>\n\t\t\t\t\t<\/div>\n\t\t<\/section>\n\t\t\t\t\t<\/div>\n\t\t<\/div>\n\t\t\t\t\t<\/div>\n\t\t<\/section>\n\t\t\t\t<section class=\"elementor-section elementor-top-section elementor-element elementor-element-241b395 elementor-section-boxed elementor-section-height-default elementor-section-height-default\" data-id=\"241b395\" data-element_type=\"section\" data-e-type=\"section\">\n\t\t\t\t\t\t<div class=\"elementor-container elementor-column-gap-default\">\n\t\t\t\t\t<div class=\"elementor-column elementor-col-100 elementor-top-column elementor-element elementor-element-4b7ccdc\" data-id=\"4b7ccdc\" data-element_type=\"column\" data-e-type=\"column\">\n\t\t\t<div class=\"elementor-widget-wrap elementor-element-populated\">\n\t\t\t\t\t\t<div class=\"elementor-element elementor-element-74ee9c3 elementor-widget elementor-widget-heading\" data-id=\"74ee9c3\" data-element_type=\"widget\" data-e-type=\"widget\" data-widget_type=\"heading.default\">\n\t\t\t\t<div class=\"elementor-widget-container\">\n\t\t\t\t\t<h4 class=\"elementor-heading-title elementor-size-default\">Propers passos<\/h4>\t\t\t\t<\/div>\n\t\t\t\t<\/div>\n\t\t\t\t<div class=\"elementor-element elementor-element-f05cde1 elementor-widget elementor-widget-text-editor\" data-id=\"f05cde1\" data-element_type=\"widget\" data-e-type=\"widget\" data-widget_type=\"text-editor.default\">\n\t\t\t\t<div class=\"elementor-widget-container\">\n\t\t\t\t\t\t\t\t\t<p><strong>Obra finalitzada<\/strong><br \/><strong>Lliurament immediat<\/strong><\/p>\t\t\t\t\t\t\t\t<\/div>\n\t\t\t\t<\/div>\n\t\t\t\t<div class=\"elementor-element elementor-element-4bb4638 elementor-align-center elementor-widget elementor-widget-button\" data-id=\"4bb4638\" data-element_type=\"widget\" data-e-type=\"widget\" data-widget_type=\"button.default\">\n\t\t\t\t<div class=\"elementor-widget-container\">\n\t\t\t\t\t\t\t\t\t<div class=\"elementor-button-wrapper\">\n\t\t\t\t\t<a class=\"elementor-button elementor-button-link elementor-size-lg\" href=\"https:\/\/ramblacatalunya107.com\/ca\/contacte\/\">\n\t\t\t\t\t\t<span class=\"elementor-button-content-wrapper\">\n\t\t\t\t\t\t\t\t\t<span class=\"elementor-button-text\">Contacta'ns<\/span>\n\t\t\t\t\t<\/span>\n\t\t\t\t\t<\/a>\n\t\t\t\t<\/div>\n\t\t\t\t\t\t\t\t<\/div>\n\t\t\t\t<\/div>\n\t\t\t\t\t<\/div>\n\t\t<\/div>\n\t\t\t\t\t<\/div>\n\t\t<\/section>\n\t\t\t\t<\/div>\n\t\t","protected":false},"excerpt":{"rendered":"<p>Equip del projecte Vilablanch arquitectura interior Vilablanch \u00e9s un estudi d&#8217;arquitectura interior fundat per Elina Vil\u00e1 i Agn\u00e8s Blanch l&#8217;any 1999 a Barcelona . Des dels seus inicis fins ara, ha dut a terme un gran nombre de projectes en habitatges, comer\u00e7os, oficines i promocions residencials, tant en espais d&#8217;alt valor patrimonial com d&#8217;obra nova, &hellip;<\/p>\n<p class=\"read-more\"> <a class=\"\" href=\"https:\/\/ramblacatalunya107.com\/ca\/equip-del-projecte\/\"> <span class=\"screen-reader-text\">Equip del projecte<\/span> Read More &raquo;<\/a><\/p>\n","protected":false},"author":1,"featured_media":0,"parent":0,"menu_order":0,"comment_status":"closed","ping_status":"closed","template":"","meta":{"site-sidebar-layout":"no-sidebar","site-content-layout":"page-builder","ast-site-content-layout":"","site-content-style":"default","site-sidebar-style":"default","ast-global-header-display":"","ast-banner-title-visibility":"","ast-main-header-display":"","ast-hfb-above-header-display":"","ast-hfb-below-header-display":"","ast-hfb-mobile-header-display":"","site-post-title":"disabled","ast-breadcrumbs-content":"","ast-featured-img":"disabled","footer-sml-layout":"","theme-transparent-header-meta":"","adv-header-id-meta":"","stick-header-meta":"","header-above-stick-meta":"","header-main-stick-meta":"","header-below-stick-meta":"","astra-migrate-meta-layouts":"","ast-page-background-enabled":"default","ast-page-background-meta":{"desktop":{"background-color":"var(--ast-global-color-4)","background-image":"","background-repeat":"repeat","background-position":"center center","background-size":"auto","background-attachment":"scroll","background-type":"","background-media":"","overlay-type":"","overlay-color":"","overlay-gradient":""},"tablet":{"background-color":"","background-image":"","background-repeat":"repeat","background-position":"center center","background-size":"auto","background-attachment":"scroll","background-type":"","background-media":"","overlay-type":"","overlay-color":"","overlay-gradient":""},"mobile":{"background-color":"","background-image":"","background-repeat":"repeat","background-position":"center center","background-size":"auto","background-attachment":"scroll","background-type":"","background-media":"","overlay-type":"","overlay-color":"","overlay-gradient":""}},"ast-content-background-meta":{"desktop":{"background-color":"var(--ast-global-color-5)","background-image":"","background-repeat":"repeat","background-position":"center center","background-size":"auto","background-attachment":"scroll","background-type":"","background-media":"","overlay-type":"","overlay-color":"","overlay-gradient":""},"tablet":{"background-color":"var(--ast-global-color-5)","background-image":"","background-repeat":"repeat","background-position":"center center","background-size":"auto","background-attachment":"scroll","background-type":"","background-media":"","overlay-type":"","overlay-color":"","overlay-gradient":""},"mobile":{"background-color":"var(--ast-global-color-5)","background-image":"","background-repeat":"repeat","background-position":"center center","background-size":"auto","background-attachment":"scroll","background-type":"","background-media":"","overlay-type":"","overlay-color":"","overlay-gradient":""}},"footnotes":""},"class_list":["post-509","page","type-page","status-publish","hentry"],"_links":{"self":[{"href":"https:\/\/ramblacatalunya107.com\/ca\/wp-json\/wp\/v2\/pages\/509","targetHints":{"allow":["GET"]}}],"collection":[{"href":"https:\/\/ramblacatalunya107.com\/ca\/wp-json\/wp\/v2\/pages"}],"about":[{"href":"https:\/\/ramblacatalunya107.com\/ca\/wp-json\/wp\/v2\/types\/page"}],"author":[{"embeddable":true,"href":"https:\/\/ramblacatalunya107.com\/ca\/wp-json\/wp\/v2\/users\/1"}],"replies":[{"embeddable":true,"href":"https:\/\/ramblacatalunya107.com\/ca\/wp-json\/wp\/v2\/comments?post=509"}],"version-history":[{"count":23,"href":"https:\/\/ramblacatalunya107.com\/ca\/wp-json\/wp\/v2\/pages\/509\/revisions"}],"predecessor-version":[{"id":1289,"href":"https:\/\/ramblacatalunya107.com\/ca\/wp-json\/wp\/v2\/pages\/509\/revisions\/1289"}],"wp:attachment":[{"href":"https:\/\/ramblacatalunya107.com\/ca\/wp-json\/wp\/v2\/media?parent=509"}],"curies":[{"name":"wp","href":"https:\/\/api.w.org\/{rel}","templated":true}]}}