{"id":492,"date":"2022-10-18T16:19:22","date_gmt":"2022-10-18T16:19:22","guid":{"rendered":"https:\/\/ramblacatalunya107.com\/ubicacion\/"},"modified":"2025-10-23T14:35:44","modified_gmt":"2025-10-23T14:35:44","slug":"ubicacio","status":"publish","type":"page","link":"https:\/\/ramblacatalunya107.com\/ca\/ubicacio\/","title":{"rendered":"UBICACI\u00d3"},"content":{"rendered":"\t\t<div data-elementor-type=\"wp-page\" data-elementor-id=\"492\" class=\"elementor elementor-492\">\n\t\t\t\t\t\t<section class=\"elementor-section elementor-top-section elementor-element elementor-element-173ed95 elementor-section-boxed elementor-section-height-default elementor-section-height-default\" data-id=\"173ed95\" data-element_type=\"section\" data-e-type=\"section\" data-settings=\"{&quot;background_background&quot;:&quot;classic&quot;}\">\n\t\t\t\t\t\t<div class=\"elementor-container elementor-column-gap-default\">\n\t\t\t\t\t<div class=\"elementor-column elementor-col-100 elementor-top-column elementor-element elementor-element-35d93e1\" data-id=\"35d93e1\" data-element_type=\"column\" data-e-type=\"column\">\n\t\t\t<div class=\"elementor-widget-wrap elementor-element-populated\">\n\t\t\t\t\t\t<div class=\"elementor-element elementor-element-9cb0b17 elementor-widget elementor-widget-spacer\" data-id=\"9cb0b17\" data-element_type=\"widget\" data-e-type=\"widget\" data-widget_type=\"spacer.default\">\n\t\t\t\t<div class=\"elementor-widget-container\">\n\t\t\t\t\t\t\t<div class=\"elementor-spacer\">\n\t\t\t<div class=\"elementor-spacer-inner\"><\/div>\n\t\t<\/div>\n\t\t\t\t\t\t<\/div>\n\t\t\t\t<\/div>\n\t\t\t\t<div class=\"elementor-element elementor-element-513e2bf elementor-widget elementor-widget-heading\" data-id=\"513e2bf\" data-element_type=\"widget\" data-e-type=\"widget\" data-widget_type=\"heading.default\">\n\t\t\t\t<div class=\"elementor-widget-container\">\n\t\t\t\t\t<h1 class=\"elementor-heading-title elementor-size-default\">Ubicaci\u00f3<\/h1>\t\t\t\t<\/div>\n\t\t\t\t<\/div>\n\t\t\t\t<div class=\"elementor-element elementor-element-1eebd9a elementor-widget elementor-widget-spacer\" data-id=\"1eebd9a\" data-element_type=\"widget\" data-e-type=\"widget\" data-widget_type=\"spacer.default\">\n\t\t\t\t<div class=\"elementor-widget-container\">\n\t\t\t\t\t\t\t<div class=\"elementor-spacer\">\n\t\t\t<div class=\"elementor-spacer-inner\"><\/div>\n\t\t<\/div>\n\t\t\t\t\t\t<\/div>\n\t\t\t\t<\/div>\n\t\t\t\t\t<\/div>\n\t\t<\/div>\n\t\t\t\t\t<\/div>\n\t\t<\/section>\n\t\t\t\t<section class=\"elementor-section elementor-top-section elementor-element elementor-element-e8792cc elementor-section-boxed elementor-section-height-default elementor-section-height-default\" data-id=\"e8792cc\" data-element_type=\"section\" data-e-type=\"section\" data-settings=\"{&quot;background_background&quot;:&quot;classic&quot;}\">\n\t\t\t\t\t\t<div class=\"elementor-container elementor-column-gap-default\">\n\t\t\t\t\t<div class=\"elementor-column elementor-col-100 elementor-top-column elementor-element elementor-element-db92de5\" data-id=\"db92de5\" data-element_type=\"column\" data-e-type=\"column\">\n\t\t\t<div class=\"elementor-widget-wrap elementor-element-populated\">\n\t\t\t\t\t\t<section class=\"elementor-section elementor-inner-section elementor-element elementor-element-ea2e045 elementor-section-content-middle elementor-section-boxed elementor-section-height-default elementor-section-height-default\" data-id=\"ea2e045\" data-element_type=\"section\" data-e-type=\"section\">\n\t\t\t\t\t\t<div class=\"elementor-container elementor-column-gap-default\">\n\t\t\t\t\t<div class=\"elementor-column elementor-col-50 elementor-inner-column elementor-element elementor-element-0241e10\" data-id=\"0241e10\" data-element_type=\"column\" data-e-type=\"column\">\n\t\t\t<div class=\"elementor-widget-wrap elementor-element-populated\">\n\t\t\t\t\t\t<div class=\"elementor-element elementor-element-7893bcf elementor-widget elementor-widget-image\" data-id=\"7893bcf\" data-element_type=\"widget\" data-e-type=\"widget\" data-widget_type=\"image.default\">\n\t\t\t\t<div class=\"elementor-widget-container\">\n\t\t\t\t\t\t\t\t\t\t\t\t\t\t\t<img fetchpriority=\"high\" decoding=\"async\" width=\"300\" height=\"300\" src=\"https:\/\/ramblacatalunya107.com\/wp-content\/uploads\/2022\/11\/rambla_catalunya_balcones-300x300.jpg\" class=\"attachment-medium size-medium wp-image-712\" alt=\"\" srcset=\"https:\/\/ramblacatalunya107.com\/wp-content\/uploads\/2022\/11\/rambla_catalunya_balcones-300x300.jpg 300w, https:\/\/ramblacatalunya107.com\/wp-content\/uploads\/2022\/11\/rambla_catalunya_balcones-150x150.jpg 150w, https:\/\/ramblacatalunya107.com\/wp-content\/uploads\/2022\/11\/rambla_catalunya_balcones-768x768.jpg 768w, https:\/\/ramblacatalunya107.com\/wp-content\/uploads\/2022\/11\/rambla_catalunya_balcones.jpg 920w\" sizes=\"(max-width: 300px) 100vw, 300px\" \/>\t\t\t\t\t\t\t\t\t\t\t\t\t\t\t<\/div>\n\t\t\t\t<\/div>\n\t\t\t\t\t<\/div>\n\t\t<\/div>\n\t\t\t\t<div class=\"elementor-column elementor-col-50 elementor-inner-column elementor-element elementor-element-0275052\" data-id=\"0275052\" data-element_type=\"column\" data-e-type=\"column\">\n\t\t\t<div class=\"elementor-widget-wrap elementor-element-populated\">\n\t\t\t\t\t\t<div class=\"elementor-element elementor-element-48f6ba0 elementor-widget elementor-widget-heading\" data-id=\"48f6ba0\" data-element_type=\"widget\" data-e-type=\"widget\" data-widget_type=\"heading.default\">\n\t\t\t\t<div class=\"elementor-widget-container\">\n\t\t\t\t\t<h4 class=\"elementor-heading-title elementor-size-default\">L'\u00faltim en estil urb\u00e0<\/h4>\t\t\t\t<\/div>\n\t\t\t\t<\/div>\n\t\t\t\t<div class=\"elementor-element elementor-element-22ca8df elementor-widget elementor-widget-text-editor\" data-id=\"22ca8df\" data-element_type=\"widget\" data-e-type=\"widget\" data-widget_type=\"text-editor.default\">\n\t\t\t\t<div class=\"elementor-widget-container\">\n\t\t\t\t\t\t\t\t\t<p>Amb la seva rambla central i el seu acollidor ambient arbrat, \u00edntim, Rambla de Catalunya \u00e9s una de les direccions m\u00e9s cobejades de Barcelona. Aquest bulevard de bars i boutigues s&#8217;est\u00e9n des de la Avinguda Diagonal fins a la Pla\u00e7a de Catalunya, on les Rambles li porten al port i a les platges. La vida aqu\u00ed \u00e9s tranquil\u00b7la i relaxada, per\u00f2 t\u00e9 el m\u00e9s destacat de la cultura i el comer\u00e7 de la ciutat molt a la vora, amb marques mundials ic\u00f2niques que competeixen amb les meravelles atemporals de la Casa Mil\u00e0 i la Casa Batll\u00f3 de Gaud\u00ed.<\/p>\t\t\t\t\t\t\t\t<\/div>\n\t\t\t\t<\/div>\n\t\t\t\t\t<\/div>\n\t\t<\/div>\n\t\t\t\t\t<\/div>\n\t\t<\/section>\n\t\t\t\t\t<\/div>\n\t\t<\/div>\n\t\t\t\t\t<\/div>\n\t\t<\/section>\n\t\t\t\t<section class=\"elementor-section elementor-top-section elementor-element elementor-element-6d9b845 elementor-section-full_width elementor-section-stretched elementor-section-height-default elementor-section-height-default\" data-id=\"6d9b845\" data-element_type=\"section\" data-e-type=\"section\" data-settings=\"{&quot;stretch_section&quot;:&quot;section-stretched&quot;}\">\n\t\t\t\t\t\t<div class=\"elementor-container elementor-column-gap-no\">\n\t\t\t\t\t<div class=\"elementor-column elementor-col-100 elementor-top-column elementor-element elementor-element-ed6bef4\" data-id=\"ed6bef4\" data-element_type=\"column\" data-e-type=\"column\">\n\t\t\t<div class=\"elementor-widget-wrap elementor-element-populated\">\n\t\t\t\t\t\t<div class=\"elementor-element elementor-element-c2586f1 elementor-widget elementor-widget-google_maps\" data-id=\"c2586f1\" data-element_type=\"widget\" data-e-type=\"widget\" data-widget_type=\"google_maps.default\">\n\t\t\t\t<div class=\"elementor-widget-container\">\n\t\t\t\t\t\t\t<div class=\"elementor-custom-embed\">\n\t\t\t<iframe loading=\"lazy\"\n\t\t\t\t\tsrc=\"https:\/\/maps.google.com\/maps?q=Rambla%20catalunya%20107%2C%20barcelona&#038;t=m&#038;z=15&#038;output=embed&#038;iwloc=near\"\n\t\t\t\t\ttitle=\"Rambla catalunya 107, barcelona\"\n\t\t\t\t\taria-label=\"Rambla catalunya 107, barcelona\"\n\t\t\t><\/iframe>\n\t\t<\/div>\n\t\t\t\t\t\t<\/div>\n\t\t\t\t<\/div>\n\t\t\t\t\t<\/div>\n\t\t<\/div>\n\t\t\t\t\t<\/div>\n\t\t<\/section>\n\t\t\t\t<section class=\"elementor-section elementor-top-section elementor-element elementor-element-45238a6 elementor-section-boxed elementor-section-height-default elementor-section-height-default\" data-id=\"45238a6\" data-element_type=\"section\" data-e-type=\"section\" data-settings=\"{&quot;background_background&quot;:&quot;classic&quot;}\">\n\t\t\t\t\t\t<div class=\"elementor-container elementor-column-gap-default\">\n\t\t\t\t\t<div class=\"elementor-column elementor-col-100 elementor-top-column elementor-element elementor-element-ff463c0\" data-id=\"ff463c0\" data-element_type=\"column\" data-e-type=\"column\">\n\t\t\t<div class=\"elementor-widget-wrap elementor-element-populated\">\n\t\t\t\t\t\t<section class=\"elementor-section elementor-inner-section elementor-element elementor-element-e914d56 elementor-section-boxed elementor-section-height-default elementor-section-height-default\" data-id=\"e914d56\" data-element_type=\"section\" data-e-type=\"section\">\n\t\t\t\t\t\t<div class=\"elementor-container elementor-column-gap-default\">\n\t\t\t\t\t<div class=\"elementor-column elementor-col-100 elementor-inner-column elementor-element elementor-element-8dc73cf\" data-id=\"8dc73cf\" data-element_type=\"column\" data-e-type=\"column\">\n\t\t\t<div class=\"elementor-widget-wrap elementor-element-populated\">\n\t\t\t\t\t\t<div class=\"elementor-element elementor-element-2f45c86 elementor-widget elementor-widget-heading\" data-id=\"2f45c86\" data-element_type=\"widget\" data-e-type=\"widget\" data-widget_type=\"heading.default\">\n\t\t\t\t<div class=\"elementor-widget-container\">\n\t\t\t\t\t<h4 class=\"elementor-heading-title elementor-size-default\">La ciutat a un pas<\/h4>\t\t\t\t<\/div>\n\t\t\t\t<\/div>\n\t\t\t\t<div class=\"elementor-element elementor-element-118ab53 elementor-widget elementor-widget-text-editor\" data-id=\"118ab53\" data-element_type=\"widget\" data-e-type=\"widget\" data-widget_type=\"text-editor.default\">\n\t\t\t\t<div class=\"elementor-widget-container\">\n\t\t\t\t\t\t\t\t\t<p>Explora les infinites possibilitats de la vida a Barcelona amb f\u00e0cil acc\u00e9s potser de la ciutat. Gaudeix de la cridanera arquitectura en cada rac\u00f3 de l&#8217;exclusiu districte de l&#8217;Eixample i descobreix les magn\u00edfiques creacions de Gaud\u00ed repartides per tota la ciutat.<\/p><p>Passegi per la postal del Parc G\u00fcell amb les seves incre\u00efbles vistes de la ciutat passant per l&#8217;emblem\u00e0tica Sagrada Fam\u00edlia i detingui&#8217;s a la Casa Mil\u00e0 i la Casa Batll\u00f3, enclavat entre les botigues de reconeixement mundial en el Passeig de Gr\u00e0cia. Prengui&#8217;s un descans en el tranquil Parc de la Ciutadella i gaudeixi de la posta de sol amb un c\u00f2ctel a la platja o en el sumptu\u00f3s port esportiu OneOcean Port Vell.<\/p>\t\t\t\t\t\t\t\t<\/div>\n\t\t\t\t<\/div>\n\t\t\t\t\t<\/div>\n\t\t<\/div>\n\t\t\t\t\t<\/div>\n\t\t<\/section>\n\t\t\t\t<section class=\"elementor-section elementor-inner-section elementor-element elementor-element-8aa69c3 elementor-section-boxed elementor-section-height-default elementor-section-height-default\" data-id=\"8aa69c3\" data-element_type=\"section\" data-e-type=\"section\">\n\t\t\t\t\t\t<div class=\"elementor-container elementor-column-gap-default\">\n\t\t\t\t\t<div class=\"elementor-column elementor-col-100 elementor-inner-column elementor-element elementor-element-e9d2fe4\" data-id=\"e9d2fe4\" data-element_type=\"column\" data-e-type=\"column\">\n\t\t\t<div class=\"elementor-widget-wrap elementor-element-populated\">\n\t\t\t\t\t\t<div class=\"elementor-element elementor-element-dd457d6 gallery-spacing-custom elementor-widget elementor-widget-image-gallery\" data-id=\"dd457d6\" data-element_type=\"widget\" data-e-type=\"widget\" data-widget_type=\"image-gallery.default\">\n\t\t\t\t<div class=\"elementor-widget-container\">\n\t\t\t\t\t\t\t<div class=\"elementor-image-gallery\">\n\t\t\t<div id='gallery-1' class='gallery galleryid-492 gallery-columns-3 gallery-size-medium_large'><figure class='gallery-item'>\n\t\t\t<div class='gallery-icon landscape'>\n\t\t\t\t<img decoding=\"async\" width=\"768\" height=\"768\" src=\"https:\/\/ramblacatalunya107.com\/wp-content\/uploads\/2022\/10\/passeig_gracia_casa_mila-768x768.jpg\" class=\"attachment-medium_large size-medium_large\" alt=\"\" srcset=\"https:\/\/ramblacatalunya107.com\/wp-content\/uploads\/2022\/10\/passeig_gracia_casa_mila-768x768.jpg 768w, https:\/\/ramblacatalunya107.com\/wp-content\/uploads\/2022\/10\/passeig_gracia_casa_mila-300x300.jpg 300w, https:\/\/ramblacatalunya107.com\/wp-content\/uploads\/2022\/10\/passeig_gracia_casa_mila-150x150.jpg 150w, https:\/\/ramblacatalunya107.com\/wp-content\/uploads\/2022\/10\/passeig_gracia_casa_mila.jpg 920w\" sizes=\"(max-width: 768px) 100vw, 768px\" \/>\n\t\t\t<\/div><\/figure><figure class='gallery-item'>\n\t\t\t<div class='gallery-icon landscape'>\n\t\t\t\t<img decoding=\"async\" width=\"768\" height=\"768\" src=\"https:\/\/ramblacatalunya107.com\/wp-content\/uploads\/2022\/11\/rambla_catalunya_balcones-768x768.jpg\" class=\"attachment-medium_large size-medium_large\" alt=\"\" srcset=\"https:\/\/ramblacatalunya107.com\/wp-content\/uploads\/2022\/11\/rambla_catalunya_balcones-768x768.jpg 768w, https:\/\/ramblacatalunya107.com\/wp-content\/uploads\/2022\/11\/rambla_catalunya_balcones-300x300.jpg 300w, https:\/\/ramblacatalunya107.com\/wp-content\/uploads\/2022\/11\/rambla_catalunya_balcones-150x150.jpg 150w, https:\/\/ramblacatalunya107.com\/wp-content\/uploads\/2022\/11\/rambla_catalunya_balcones.jpg 920w\" sizes=\"(max-width: 768px) 100vw, 768px\" \/>\n\t\t\t<\/div><\/figure><figure class='gallery-item'>\n\t\t\t<div class='gallery-icon landscape'>\n\t\t\t\t<img loading=\"lazy\" decoding=\"async\" width=\"768\" height=\"768\" src=\"https:\/\/ramblacatalunya107.com\/wp-content\/uploads\/2022\/10\/passeig_gracia_casa_batllo-768x768.jpg\" class=\"attachment-medium_large size-medium_large\" alt=\"\" srcset=\"https:\/\/ramblacatalunya107.com\/wp-content\/uploads\/2022\/10\/passeig_gracia_casa_batllo-768x768.jpg 768w, https:\/\/ramblacatalunya107.com\/wp-content\/uploads\/2022\/10\/passeig_gracia_casa_batllo-300x300.jpg 300w, https:\/\/ramblacatalunya107.com\/wp-content\/uploads\/2022\/10\/passeig_gracia_casa_batllo-150x150.jpg 150w, https:\/\/ramblacatalunya107.com\/wp-content\/uploads\/2022\/10\/passeig_gracia_casa_batllo.jpg 920w\" sizes=\"(max-width: 768px) 100vw, 768px\" \/>\n\t\t\t<\/div><\/figure><figure class='gallery-item'>\n\t\t\t<div class='gallery-icon landscape'>\n\t\t\t\t<img loading=\"lazy\" decoding=\"async\" width=\"768\" height=\"768\" src=\"https:\/\/ramblacatalunya107.com\/wp-content\/uploads\/2022\/10\/rambla_catalunya_arboles-768x768.jpg\" class=\"attachment-medium_large size-medium_large\" alt=\"\" srcset=\"https:\/\/ramblacatalunya107.com\/wp-content\/uploads\/2022\/10\/rambla_catalunya_arboles-768x768.jpg 768w, https:\/\/ramblacatalunya107.com\/wp-content\/uploads\/2022\/10\/rambla_catalunya_arboles-300x300.jpg 300w, https:\/\/ramblacatalunya107.com\/wp-content\/uploads\/2022\/10\/rambla_catalunya_arboles-150x150.jpg 150w, https:\/\/ramblacatalunya107.com\/wp-content\/uploads\/2022\/10\/rambla_catalunya_arboles.jpg 920w\" sizes=\"(max-width: 768px) 100vw, 768px\" \/>\n\t\t\t<\/div><\/figure><figure class='gallery-item'>\n\t\t\t<div class='gallery-icon landscape'>\n\t\t\t\t<img loading=\"lazy\" decoding=\"async\" width=\"768\" height=\"768\" src=\"https:\/\/ramblacatalunya107.com\/wp-content\/uploads\/2022\/10\/restaurante_tragaluz_rambla_catalunya_107_109_arc_homes-768x768.jpg\" class=\"attachment-medium_large size-medium_large\" alt=\"\" srcset=\"https:\/\/ramblacatalunya107.com\/wp-content\/uploads\/2022\/10\/restaurante_tragaluz_rambla_catalunya_107_109_arc_homes-768x768.jpg 768w, https:\/\/ramblacatalunya107.com\/wp-content\/uploads\/2022\/10\/restaurante_tragaluz_rambla_catalunya_107_109_arc_homes-300x300.jpg 300w, https:\/\/ramblacatalunya107.com\/wp-content\/uploads\/2022\/10\/restaurante_tragaluz_rambla_catalunya_107_109_arc_homes-150x150.jpg 150w, https:\/\/ramblacatalunya107.com\/wp-content\/uploads\/2022\/10\/restaurante_tragaluz_rambla_catalunya_107_109_arc_homes.jpg 920w\" sizes=\"(max-width: 768px) 100vw, 768px\" \/>\n\t\t\t<\/div><\/figure><figure class='gallery-item'>\n\t\t\t<div class='gallery-icon landscape'>\n\t\t\t\t<img loading=\"lazy\" decoding=\"async\" width=\"768\" height=\"768\" src=\"https:\/\/ramblacatalunya107.com\/wp-content\/uploads\/2022\/10\/pastisseria_mauri_rambla_catalunya_107_109_arc_homes-768x768.jpg\" class=\"attachment-medium_large size-medium_large\" alt=\"\" srcset=\"https:\/\/ramblacatalunya107.com\/wp-content\/uploads\/2022\/10\/pastisseria_mauri_rambla_catalunya_107_109_arc_homes-768x768.jpg 768w, https:\/\/ramblacatalunya107.com\/wp-content\/uploads\/2022\/10\/pastisseria_mauri_rambla_catalunya_107_109_arc_homes-300x300.jpg 300w, https:\/\/ramblacatalunya107.com\/wp-content\/uploads\/2022\/10\/pastisseria_mauri_rambla_catalunya_107_109_arc_homes-150x150.jpg 150w, https:\/\/ramblacatalunya107.com\/wp-content\/uploads\/2022\/10\/pastisseria_mauri_rambla_catalunya_107_109_arc_homes.jpg 920w\" sizes=\"(max-width: 768px) 100vw, 768px\" \/>\n\t\t\t<\/div><\/figure><figure class='gallery-item'>\n\t\t\t<div class='gallery-icon landscape'>\n\t\t\t\t<img loading=\"lazy\" decoding=\"async\" width=\"768\" height=\"768\" src=\"https:\/\/ramblacatalunya107.com\/wp-content\/uploads\/2022\/10\/marina_port_vell_rambla_catalunya_107_109_arc_homes-768x768.jpg\" class=\"attachment-medium_large size-medium_large\" alt=\"\" srcset=\"https:\/\/ramblacatalunya107.com\/wp-content\/uploads\/2022\/10\/marina_port_vell_rambla_catalunya_107_109_arc_homes-768x768.jpg 768w, https:\/\/ramblacatalunya107.com\/wp-content\/uploads\/2022\/10\/marina_port_vell_rambla_catalunya_107_109_arc_homes-300x300.jpg 300w, https:\/\/ramblacatalunya107.com\/wp-content\/uploads\/2022\/10\/marina_port_vell_rambla_catalunya_107_109_arc_homes-150x150.jpg 150w, https:\/\/ramblacatalunya107.com\/wp-content\/uploads\/2022\/10\/marina_port_vell_rambla_catalunya_107_109_arc_homes.jpg 920w\" sizes=\"(max-width: 768px) 100vw, 768px\" \/>\n\t\t\t<\/div><\/figure><figure class='gallery-item'>\n\t\t\t<div class='gallery-icon landscape'>\n\t\t\t\t<img loading=\"lazy\" decoding=\"async\" width=\"768\" height=\"768\" src=\"https:\/\/ramblacatalunya107.com\/wp-content\/uploads\/2022\/10\/parc_de_la_ciutadella_rambla_catalunya_107_109_arc_homes-768x768.jpg\" class=\"attachment-medium_large size-medium_large\" alt=\"\" srcset=\"https:\/\/ramblacatalunya107.com\/wp-content\/uploads\/2022\/10\/parc_de_la_ciutadella_rambla_catalunya_107_109_arc_homes-768x768.jpg 768w, https:\/\/ramblacatalunya107.com\/wp-content\/uploads\/2022\/10\/parc_de_la_ciutadella_rambla_catalunya_107_109_arc_homes-300x300.jpg 300w, https:\/\/ramblacatalunya107.com\/wp-content\/uploads\/2022\/10\/parc_de_la_ciutadella_rambla_catalunya_107_109_arc_homes-150x150.jpg 150w, https:\/\/ramblacatalunya107.com\/wp-content\/uploads\/2022\/10\/parc_de_la_ciutadella_rambla_catalunya_107_109_arc_homes.jpg 920w\" sizes=\"(max-width: 768px) 100vw, 768px\" \/>\n\t\t\t<\/div><\/figure><figure class='gallery-item'>\n\t\t\t<div class='gallery-icon landscape'>\n\t\t\t\t<img loading=\"lazy\" decoding=\"async\" width=\"768\" height=\"768\" src=\"https:\/\/ramblacatalunya107.com\/wp-content\/uploads\/2022\/10\/arc_de_triomf_rambla_catalunya_107_109_arc_homes-768x768.jpg\" class=\"attachment-medium_large size-medium_large\" alt=\"\" srcset=\"https:\/\/ramblacatalunya107.com\/wp-content\/uploads\/2022\/10\/arc_de_triomf_rambla_catalunya_107_109_arc_homes-768x768.jpg 768w, https:\/\/ramblacatalunya107.com\/wp-content\/uploads\/2022\/10\/arc_de_triomf_rambla_catalunya_107_109_arc_homes-300x300.jpg 300w, https:\/\/ramblacatalunya107.com\/wp-content\/uploads\/2022\/10\/arc_de_triomf_rambla_catalunya_107_109_arc_homes-150x150.jpg 150w, https:\/\/ramblacatalunya107.com\/wp-content\/uploads\/2022\/10\/arc_de_triomf_rambla_catalunya_107_109_arc_homes.jpg 920w\" sizes=\"(max-width: 768px) 100vw, 768px\" \/>\n\t\t\t<\/div><\/figure>\n\t\t<\/div>\n\t\t<\/div>\n\t\t\t\t\t\t<\/div>\n\t\t\t\t<\/div>\n\t\t\t\t\t<\/div>\n\t\t<\/div>\n\t\t\t\t\t<\/div>\n\t\t<\/section>\n\t\t\t\t\t<\/div>\n\t\t<\/div>\n\t\t\t\t\t<\/div>\n\t\t<\/section>\n\t\t\t\t<section class=\"elementor-section elementor-top-section elementor-element elementor-element-6649df2 elementor-section-boxed elementor-section-height-default elementor-section-height-default\" data-id=\"6649df2\" data-element_type=\"section\" data-e-type=\"section\">\n\t\t\t\t\t\t<div class=\"elementor-container elementor-column-gap-default\">\n\t\t\t\t\t<div class=\"elementor-column elementor-col-100 elementor-top-column elementor-element elementor-element-a7a00bd\" data-id=\"a7a00bd\" data-element_type=\"column\" data-e-type=\"column\">\n\t\t\t<div class=\"elementor-widget-wrap elementor-element-populated\">\n\t\t\t\t\t\t<div class=\"elementor-element elementor-element-e35a144 elementor-widget elementor-widget-heading\" data-id=\"e35a144\" data-element_type=\"widget\" data-e-type=\"widget\" data-widget_type=\"heading.default\">\n\t\t\t\t<div class=\"elementor-widget-container\">\n\t\t\t\t\t<h4 class=\"elementor-heading-title elementor-size-default\">Propers passos<\/h4>\t\t\t\t<\/div>\n\t\t\t\t<\/div>\n\t\t\t\t<div class=\"elementor-element elementor-element-d8277de elementor-widget elementor-widget-text-editor\" data-id=\"d8277de\" data-element_type=\"widget\" data-e-type=\"widget\" data-widget_type=\"text-editor.default\">\n\t\t\t\t<div class=\"elementor-widget-container\">\n\t\t\t\t\t\t\t\t\t<p><strong>Obra finalitzada<\/strong><br \/><strong>Lliurament immediat<\/strong><\/p>\t\t\t\t\t\t\t\t<\/div>\n\t\t\t\t<\/div>\n\t\t\t\t<div class=\"elementor-element elementor-element-2c51242 elementor-align-center elementor-widget elementor-widget-button\" data-id=\"2c51242\" data-element_type=\"widget\" data-e-type=\"widget\" data-widget_type=\"button.default\">\n\t\t\t\t<div class=\"elementor-widget-container\">\n\t\t\t\t\t\t\t\t\t<div class=\"elementor-button-wrapper\">\n\t\t\t\t\t<a class=\"elementor-button elementor-button-link elementor-size-lg\" href=\"https:\/\/ramblacatalunya107.com\/ca\/contacte\/\">\n\t\t\t\t\t\t<span class=\"elementor-button-content-wrapper\">\n\t\t\t\t\t\t\t\t\t<span class=\"elementor-button-text\">Contacta'ns<\/span>\n\t\t\t\t\t<\/span>\n\t\t\t\t\t<\/a>\n\t\t\t\t<\/div>\n\t\t\t\t\t\t\t\t<\/div>\n\t\t\t\t<\/div>\n\t\t\t\t\t<\/div>\n\t\t<\/div>\n\t\t\t\t\t<\/div>\n\t\t<\/section>\n\t\t\t\t<\/div>\n\t\t","protected":false},"excerpt":{"rendered":"<p>Ubicaci\u00f3 L&#8217;\u00faltim en estil urb\u00e0 Amb la seva rambla central i el seu acollidor ambient arbrat, \u00edntim, Rambla de Catalunya \u00e9s una de les direccions m\u00e9s cobejades de Barcelona. Aquest bulevard de bars i boutigues s&#8217;est\u00e9n des de la Avinguda Diagonal fins a la Pla\u00e7a de Catalunya, on les Rambles li porten al port i &hellip;<\/p>\n<p class=\"read-more\"> <a class=\"\" href=\"https:\/\/ramblacatalunya107.com\/ca\/ubicacio\/\"> <span class=\"screen-reader-text\">UBICACI\u00d3<\/span> Read More &raquo;<\/a><\/p>\n","protected":false},"author":1,"featured_media":0,"parent":0,"menu_order":0,"comment_status":"closed","ping_status":"closed","template":"","meta":{"site-sidebar-layout":"no-sidebar","site-content-layout":"page-builder","ast-site-content-layout":"","site-content-style":"default","site-sidebar-style":"default","ast-global-header-display":"","ast-banner-title-visibility":"","ast-main-header-display":"","ast-hfb-above-header-display":"","ast-hfb-below-header-display":"","ast-hfb-mobile-header-display":"","site-post-title":"disabled","ast-breadcrumbs-content":"","ast-featured-img":"disabled","footer-sml-layout":"","theme-transparent-header-meta":"","adv-header-id-meta":"","stick-header-meta":"","header-above-stick-meta":"","header-main-stick-meta":"","header-below-stick-meta":"","astra-migrate-meta-layouts":"","ast-page-background-enabled":"default","ast-page-background-meta":{"desktop":{"background-color":"var(--ast-global-color-4)","background-image":"","background-repeat":"repeat","background-position":"center center","background-size":"auto","background-attachment":"scroll","background-type":"","background-media":"","overlay-type":"","overlay-color":"","overlay-gradient":""},"tablet":{"background-color":"","background-image":"","background-repeat":"repeat","background-position":"center center","background-size":"auto","background-attachment":"scroll","background-type":"","background-media":"","overlay-type":"","overlay-color":"","overlay-gradient":""},"mobile":{"background-color":"","background-image":"","background-repeat":"repeat","background-position":"center center","background-size":"auto","background-attachment":"scroll","background-type":"","background-media":"","overlay-type":"","overlay-color":"","overlay-gradient":""}},"ast-content-background-meta":{"desktop":{"background-color":"var(--ast-global-color-5)","background-image":"","background-repeat":"repeat","background-position":"center center","background-size":"auto","background-attachment":"scroll","background-type":"","background-media":"","overlay-type":"","overlay-color":"","overlay-gradient":""},"tablet":{"background-color":"var(--ast-global-color-5)","background-image":"","background-repeat":"repeat","background-position":"center center","background-size":"auto","background-attachment":"scroll","background-type":"","background-media":"","overlay-type":"","overlay-color":"","overlay-gradient":""},"mobile":{"background-color":"var(--ast-global-color-5)","background-image":"","background-repeat":"repeat","background-position":"center center","background-size":"auto","background-attachment":"scroll","background-type":"","background-media":"","overlay-type":"","overlay-color":"","overlay-gradient":""}},"footnotes":""},"class_list":["post-492","page","type-page","status-publish","hentry"],"_links":{"self":[{"href":"https:\/\/ramblacatalunya107.com\/ca\/wp-json\/wp\/v2\/pages\/492","targetHints":{"allow":["GET"]}}],"collection":[{"href":"https:\/\/ramblacatalunya107.com\/ca\/wp-json\/wp\/v2\/pages"}],"about":[{"href":"https:\/\/ramblacatalunya107.com\/ca\/wp-json\/wp\/v2\/types\/page"}],"author":[{"embeddable":true,"href":"https:\/\/ramblacatalunya107.com\/ca\/wp-json\/wp\/v2\/users\/1"}],"replies":[{"embeddable":true,"href":"https:\/\/ramblacatalunya107.com\/ca\/wp-json\/wp\/v2\/comments?post=492"}],"version-history":[{"count":21,"href":"https:\/\/ramblacatalunya107.com\/ca\/wp-json\/wp\/v2\/pages\/492\/revisions"}],"predecessor-version":[{"id":1286,"href":"https:\/\/ramblacatalunya107.com\/ca\/wp-json\/wp\/v2\/pages\/492\/revisions\/1286"}],"wp:attachment":[{"href":"https:\/\/ramblacatalunya107.com\/ca\/wp-json\/wp\/v2\/media?parent=492"}],"curies":[{"name":"wp","href":"https:\/\/api.w.org\/{rel}","templated":true}]}}